{"id":577,"date":"2024-09-30T14:55:41","date_gmt":"2024-09-30T18:55:41","guid":{"rendered":"https:\/\/phememarketing.com\/?page_id=577"},"modified":"2025-03-04T18:45:43","modified_gmt":"2025-03-04T23:45:43","slug":"politique-de-confidentialite","status":"publish","type":"page","link":"https:\/\/phememarketing.com\/index.php\/politique-de-confidentialite\/","title":{"rendered":"Politique de confidentialit\u00e9"},"content":{"rendered":"\t\t<div data-elementor-type=\"wp-page\" data-elementor-id=\"577\" class=\"elementor elementor-577\" data-elementor-post-type=\"page\">\n\t\t\t\t<div class=\"elementor-element elementor-element-00c741f e-flex e-con-boxed e-con e-parent\" data-id=\"00c741f\" data-element_type=\"container\" data-e-type=\"container\" data-settings=\"{&quot;background_background&quot;:&quot;classic&quot;}\">\n\t\t\t\t\t<div class=\"e-con-inner\">\n\t\t\t\t<div class=\"elementor-element elementor-element-5f3cf80 elementor-widget elementor-widget-text-editor\" data-id=\"5f3cf80\" data-element_type=\"widget\" data-e-type=\"widget\" data-widget_type=\"text-editor.default\">\n\t\t\t\t<div class=\"elementor-widget-container\">\n\t\t\t\t\t\t\t\t\t<p>Derni\u00e8re mise \u00e0 jour le 30 septembre 2024<\/p><p>\u00a0<\/p><p>Chez Pheme Marketing, nous nous engageons \u00e0 prot\u00e9ger votre vie priv\u00e9e et \u00e0 respecter la l\u00e9gislation en vigueur, notamment la Loi 25. Cette politique de confidentialit\u00e9 explique comment nous utilisons les t\u00e9moins (cookies) sur notre site web conform\u00e9ment aux exigences l\u00e9gales. Veuillez prendre le temps de lire attentivement cette politique pour comprendre comment nous utilisons les t\u00e9moins (cookies) et comment vous pouvez les g\u00e9rer.<\/p><p>Cette politique de confidentialit\u00e9 d\u00e9crit les politiques de Pheme Marketing, 12865, rue Yamaska, St-Hyacinthe, Qu\u00e9bec J2T 1B8, Canada, courriel :\u00a0<a href=\"mailto:gestion@phememarketing.com\" target=\"_blank\" rel=\"noopener\">gestion@phememarketing.com<\/a>, t\u00e9l\u00e9phone :\u00a0<a href=\"http:\/\/tel:4384920838\" target=\"_blank\" rel=\"noopener\">438 492-0838<\/a>\u00a0concernant la collecte, l\u2019utilisation et la divulgation de vos informations que nous recueillons lorsque vous utilisez notre site web (<a href=\"https:\/\/phememarketing.com\/\" target=\"_blank\" rel=\"noopener\">phememarketing.com<\/a>), le \u00ab Service \u00bb. La politique est subordonn\u00e9e \u00e0 la loi qu\u00e9b\u00e9coise en cette mati\u00e8re, la Loi sur la protection des renseignements personnels dans le secteur priv\u00e9, ainsi qu\u2019aux autres dispositions l\u00e9gislatives et r\u00e8glements applicables.<\/p><p>Pheme Marketing est soucieux du respect de la confidentialit\u00e9 de vos renseignements personnels et s\u2019engage \u00e0 les prot\u00e9ger et \u00e0 ne les utiliser que pour les fins auxquelles ils ont \u00e9t\u00e9 recueillis. La politique a pour but de vous renseigner sur nos pratiques en mati\u00e8re de confidentialit\u00e9. Nous voulons vous informer \u00e0 quelles fins et comment nous recueillons vos renseignements personnels et de quelles fa\u00e7ons ils sont conserv\u00e9s, utilis\u00e9s et divulgu\u00e9s.<\/p><p>Nous nous r\u00e9servons le droit de modifier cette politique de confidentialit\u00e9 \u00e0 tout moment conform\u00e9ment \u00e0 la loi. Toute modification sera publi\u00e9e sur notre site web et prendra effet imm\u00e9diatement apr\u00e8s sa publication. Votre utilisation continue de notre site web constitue votre acceptation de ces modifications.<\/p><p>\u00a0<\/p>\t\t\t\t\t\t\t\t<\/div>\n\t\t\t\t<\/div>\n\t\t\t\t<div class=\"elementor-element elementor-element-e50f1ae elementor-widget elementor-widget-heading\" data-id=\"e50f1ae\" data-element_type=\"widget\" data-e-type=\"widget\" data-widget_type=\"heading.default\">\n\t\t\t\t<div class=\"elementor-widget-container\">\n\t\t\t\t\t<h2 class=\"elementor-heading-title elementor-size-default\">Informations que nous collectons<\/h2>\t\t\t\t<\/div>\n\t\t\t\t<\/div>\n\t\t\t\t<div class=\"elementor-element elementor-element-7015ee4 elementor-widget elementor-widget-text-editor\" data-id=\"7015ee4\" data-element_type=\"widget\" data-e-type=\"widget\" data-widget_type=\"text-editor.default\">\n\t\t\t\t<div class=\"elementor-widget-container\">\n\t\t\t\t\t\t\t\t\tVeuillez noter que certains renseignements d\u00e9crits ci-dessous que nous recueillions \u00e0 l&rsquo;occasion du service peuvent, selon le cas, ne pas constituer des renseignements personnelles au sens de la loi et ils ne sont donc pas assujettis \u00e0 la pr\u00e9sente politique.\n\nNous reccueillerons et traiterons les informations personnelles suivantes vous concernant lorsque vous remplissez le formulaire en ligne sur le site Web :\n<ul>\n \t<li>Nom<\/li>\n \t<li>Courriel<\/li>\n \t<li>T\u00e9l\u00e9phone<\/li>\n<\/ul>\n<div>En envoyant vos informations personnelles via le formulaire en ligne, vous consentez \u00e0 la collecte de ces donn\u00e9es.<\/div>\n<div><\/div>\t\t\t\t\t\t\t\t<\/div>\n\t\t\t\t<\/div>\n\t\t\t\t<div class=\"elementor-element elementor-element-3133225 elementor-widget elementor-widget-heading\" data-id=\"3133225\" data-element_type=\"widget\" data-e-type=\"widget\" data-widget_type=\"heading.default\">\n\t\t\t\t<div class=\"elementor-widget-container\">\n\t\t\t\t\t<h2 class=\"elementor-heading-title elementor-size-default\">Renseignements de nature \u00e9lectronique<\/h2>\t\t\t\t<\/div>\n\t\t\t\t<\/div>\n\t\t\t\t<div class=\"elementor-element elementor-element-16a0b98 elementor-widget elementor-widget-text-editor\" data-id=\"16a0b98\" data-element_type=\"widget\" data-e-type=\"widget\" data-widget_type=\"text-editor.default\">\n\t\t\t\t<div class=\"elementor-widget-container\">\n\t\t\t\t\t\t\t\t\t<p class=\"MsoNormal\">Il se peut que nous recueillions des renseignements qui ne sont pas de nature personnelle, notamment le type de navigateur Internet ou de syst\u00e8me informatique que vous utilisez ou le nom de domaine du site Internet \u00e0 partir duquel vous avez \u00e9tabli le lien avec notre site. De plus, lorsque vous visitez notre site internet, certains renseignements peuvent \u00eatre introduits sur votre ordinateur sous la forme d\u2019un t\u00e9moin ou d\u2019un fichier semblable. Les t\u00e9moins nous permettent de conserver certaines informations \u00e0 propos de votre utilisation du Site Internet, notamment la date de votre plus r\u00e9cente visite, les pages consult\u00e9es et les fichiers t\u00e9l\u00e9charg\u00e9s. Les t\u00e9moins nous permettent d\u2019adapter notre Site Internet afin qu\u2019il r\u00e9ponde mieux aux int\u00e9r\u00eats et pr\u00e9f\u00e9rences des visiteurs.<\/p>\n<p class=\"MsoNormal\">Le Service ne joint pas les renseignements ainsi obtenus \u00e0 vos renseignements personnels.<\/p>\n<p class=\"MsoNormal\">La plupart des navigateurs Internet vous permettent d\u2019effacer les t\u00e9moins du disque dur de votre ordinateur, de les bloquer ou de recevoir un avertissement avant leur implantation. Veuillez vous r\u00e9f\u00e9rer aux instructions de votre navigateur pour en apprendre plus sur ces fonctions.<\/p>\t\t\t\t\t\t\t\t<\/div>\n\t\t\t\t<\/div>\n\t\t\t\t<div class=\"elementor-element elementor-element-b19b73f elementor-widget elementor-widget-heading\" data-id=\"b19b73f\" data-element_type=\"widget\" data-e-type=\"widget\" data-widget_type=\"heading.default\">\n\t\t\t\t<div class=\"elementor-widget-container\">\n\t\t\t\t\t<h2 class=\"elementor-heading-title elementor-size-default\">Hyperliens ext\u00e9rieurs affich\u00e9s sur notre site<\/h2>\t\t\t\t<\/div>\n\t\t\t\t<\/div>\n\t\t\t\t<div class=\"elementor-element elementor-element-e16bb4b elementor-widget elementor-widget-text-editor\" data-id=\"e16bb4b\" data-element_type=\"widget\" data-e-type=\"widget\" data-widget_type=\"text-editor.default\">\n\t\t\t\t<div class=\"elementor-widget-container\">\n\t\t\t\t\t\t\t\t\tLe Site peut comprendre des liens vers des sites Web exploit\u00e9s par des tiers. En cliquant sur ces liens, vous quittez le Site. Le Service n\u2019exerce aucun contr\u00f4le sur l\u2019exploitation de ces sites Web et le fait qu\u2019ils soient r\u00e9pertori\u00e9s sur notre Site n\u2019engage d\u2019aucune fa\u00e7on la responsabilit\u00e9 du Service. Toutes les informations personnelles que vous transmettez par l\u2019interm\u00e9diaire de ces sites seront sujettes \u00e0 la politique de protection des informations personnelles de ces derniers.\n\n&nbsp;\t\t\t\t\t\t\t\t<\/div>\n\t\t\t\t<\/div>\n\t\t\t\t<div class=\"elementor-element elementor-element-3acc0b3 elementor-widget elementor-widget-heading\" data-id=\"3acc0b3\" data-element_type=\"widget\" data-e-type=\"widget\" data-widget_type=\"heading.default\">\n\t\t\t\t<div class=\"elementor-widget-container\">\n\t\t\t\t\t<h2 class=\"elementor-heading-title elementor-size-default\">Conservation de vos informations<\/h2>\t\t\t\t<\/div>\n\t\t\t\t<\/div>\n\t\t\t\t<div class=\"elementor-element elementor-element-71a9c26 elementor-widget elementor-widget-text-editor\" data-id=\"71a9c26\" data-element_type=\"widget\" data-e-type=\"widget\" data-widget_type=\"text-editor.default\">\n\t\t\t\t<div class=\"elementor-widget-container\">\n\t\t\t\t\t\t\t\t\t<p><span style=\"text-align: var(--text-align);\">Nous conserverons vos informations personnelles avec nous jusqu\u2019\u00e0 l\u2019accomplissement de la finalit\u00e9 de leur collecte ou aussi longtemps que n\u00e9cessaire pour r\u00e9pondre aux objectifs pour lesquels elles ont \u00e9t\u00e9 recueillies, comme d\u00e9taill\u00e9 dans cette Politique de Confidentialit\u00e9. Pour des raisons telles que la tenue de registres \/ les rapports conform\u00e9ment \u00e0 la loi applicable ou pour d\u2019autres raisons l\u00e9gitimes comme l\u2019application des droits l\u00e9gaux, la pr\u00e9vention de la fraude, etc., nous pourrions devoir conserver certaines informations plus longtemps. Les informations anonymes r\u00e9siduelles et les informations agr\u00e9g\u00e9es, qui ne vous identifient pas (directement ou indirectement), peuvent \u00eatre stock\u00e9es ind\u00e9finiment.<\/span><\/p><p><span style=\"text-align: var(--text-align);\">\u00a0<\/span><\/p>\t\t\t\t\t\t\t\t<\/div>\n\t\t\t\t<\/div>\n\t\t\t\t<div class=\"elementor-element elementor-element-6c67b99 elementor-widget elementor-widget-heading\" data-id=\"6c67b99\" data-element_type=\"widget\" data-e-type=\"widget\" data-widget_type=\"heading.default\">\n\t\t\t\t<div class=\"elementor-widget-container\">\n\t\t\t\t\t<h2 class=\"elementor-heading-title elementor-size-default\">Comment nous partageons vos informations<\/h2>\t\t\t\t<\/div>\n\t\t\t\t<\/div>\n\t\t\t\t<div class=\"elementor-element elementor-element-32b1cde elementor-widget elementor-widget-text-editor\" data-id=\"32b1cde\" data-element_type=\"widget\" data-e-type=\"widget\" data-widget_type=\"text-editor.default\">\n\t\t\t\t<div class=\"elementor-widget-container\">\n\t\t\t\t\t\t\t\t\t<p>Nous ne divulguons pas vos renseignements personnels \u00e0 quiconque \u00e0 l\u2019ext\u00e9rieur du Service sans votre consentement, \u00e0 l\u2019exception de :<\/p><ul style=\"font-size: 16px; ; margin-top: 0cm;\" type=\"disc\"><li>nos fournisseurs de biens ou de services, organisation ou particulier dont les services ont \u00e9t\u00e9 retenus afin de s\u2019acquitter de certaines fonctions pour notre compte (ex. traitement de donn\u00e9es, gestion de documents, etc.). Le Service prend les mesures n\u00e9cessaires, par voie contractuelle ou autre, pour s\u2019assurer que ces tiers fournisseurs de biens ou de services traitent vos renseignements personnels aux seules fins d\u00e9termin\u00e9es par le Service et offrent un degr\u00e9 de protection des renseignements personnels comparable \u00e0 celui que le Service offre \u00e0 l\u2019\u00e9gard des renseignements personnels qui sont en sa possession ;<\/li><li>toute entit\u00e9 advenant une fusion ou un changement de contr\u00f4le, en tout ou en partie, et ce, uniquement si les parties concluent une entente selon laquelle la collecte, l\u2019utilisation et la communication des renseignements sont limit\u00e9es aux objectifs de la transaction commerciale ;<\/li><li>toute autorit\u00e9 publique si la loi l\u2019exige.<\/li><\/ul><p>Nous ne transmettons pas vos renseignements personnels \u00e0 un partenaire promotionnel \u00e0 moins que vous ayez sp\u00e9cifiquement consenti \u00e0 la communication de vos renseignements personnels \u00e0 celui-ci.<\/p><p><span style=\"text-align: var(--text-align);\">Nous pouvons \u00e9galement divulguer vos informations personnelles pour les raisons suivantes : (1) pour se conformer \u00e0 la loi, \u00e0 la r\u00e9glementation, \u00e0 une ordonnance judiciaire ou \u00e0 un autre processus l\u00e9gal en vigueur ; (2) pour faire respecter vos accords avec nous, y compris cette Politique de Confidentialit\u00e9 ; ou (3) pour r\u00e9pondre aux all\u00e9gations selon lesquelles votre utilisation du Service viole les droits d\u2019un tiers.<\/span><\/p><p><span style=\"text-align: var(--text-align);\">\u00a0<\/span><\/p>\t\t\t\t\t\t\t\t<\/div>\n\t\t\t\t<\/div>\n\t\t\t\t<div class=\"elementor-element elementor-element-53a21bb elementor-widget elementor-widget-heading\" data-id=\"53a21bb\" data-element_type=\"widget\" data-e-type=\"widget\" data-widget_type=\"heading.default\">\n\t\t\t\t<div class=\"elementor-widget-container\">\n\t\t\t\t\t<h2 class=\"elementor-heading-title elementor-size-default\">Vos droits<\/h2>\t\t\t\t<\/div>\n\t\t\t\t<\/div>\n\t\t\t\t<div class=\"elementor-element elementor-element-5066ef5 elementor-widget elementor-widget-text-editor\" data-id=\"5066ef5\" data-element_type=\"widget\" data-e-type=\"widget\" data-widget_type=\"text-editor.default\">\n\t\t\t\t<div class=\"elementor-widget-container\">\n\t\t\t\t\t\t\t\t\t<p>Selon la loi applicable, vous pourriez avoir le droit d\u2019acc\u00e9der, de rectifier ou d\u2019effacer vos donn\u00e9es personnelles, de recevoir une copie de vos donn\u00e9es personnelles, de restreindre ou vous opposer au traitement actif de vos donn\u00e9es, de nous demander de partager (transf\u00e9rer) vos informations personnelles \u00e0 une autre entit\u00e9, de retirer tout consentement que vous nous avez donn\u00e9 pour traiter vos donn\u00e9es, de d\u00e9poser une plainte aupr\u00e8s d\u2019une autorit\u00e9 statutaire, et d\u2019autres droits pertinents selon les lois applicables.\u00a0<\/p><p>Pour exercer ces droits, vous pouvez nous \u00e9crire \u00e0\u00a0gestion@phememarketing.com. Nous r\u00e9pondrons \u00e0 votre demande conform\u00e9ment \u00e0 la loi applicable. Vous pouvez vous d\u00e9sinscrire des communications de marketing direct ou du profilage que nous r\u00e9alisons \u00e0 des fins de marketing en nous \u00e9crivant \u00e0\u00a0gestion@phememarketing.com.\u00a0<\/p><p>Veuillez noter que si vous ne nous permettez pas de collecter ou traiter les informations personnelles requises ou retirez le consentement pour traiter celles-ci pour les finalit\u00e9s requises, vous ne pourrez peut-\u00eatre pas acc\u00e9der ou utiliser les services pour lesquels vos informations \u00e9taient recherch\u00e9es.<\/p>\t\t\t\t\t\t\t\t<\/div>\n\t\t\t\t<\/div>\n\t\t\t\t<div class=\"elementor-element elementor-element-8dab40a elementor-widget elementor-widget-heading\" data-id=\"8dab40a\" data-element_type=\"widget\" data-e-type=\"widget\" data-widget_type=\"heading.default\">\n\t\t\t\t<div class=\"elementor-widget-container\">\n\t\t\t\t\t<h2 class=\"elementor-heading-title elementor-size-default\">Protection des donn\u00e9es<\/h2>\t\t\t\t<\/div>\n\t\t\t\t<\/div>\n\t\t\t\t<div class=\"elementor-element elementor-element-40fdc0a elementor-widget elementor-widget-text-editor\" data-id=\"40fdc0a\" data-element_type=\"widget\" data-e-type=\"widget\" data-widget_type=\"text-editor.default\">\n\t\t\t\t<div class=\"elementor-widget-container\">\n\t\t\t\t\t\t\t\t\t<p>Si vous avez des questions ou des pr\u00e9occupations concernant le traitement de vos informations disponibles chez nous, vous pouvez envoyer un courriel \u00e0 notre Responsable de la protection des renseignements personnels : Nathane Gamache |\u00a0<a href=\"mailto:nathane@phememarketing.com\" target=\"_blank\" rel=\"noopener\">nathane@phememarketing.com\u00a0<\/a>| 438 492-0838. Nous traiterons vos pr\u00e9occupations conform\u00e9ment \u00e0 la loi applicable.<\/p>\t\t\t\t\t\t\t\t<\/div>\n\t\t\t\t<\/div>\n\t\t\t\t\t<\/div>\n\t\t\t\t<\/div>\n\t\t\t\t<\/div>\n\t\t","protected":false},"excerpt":{"rendered":"<p>Pheme Marketing est soucieux du respect de la confidentialit\u00e9 de vos renseignements personnels et s\u2019engage \u00e0 les prot\u00e9ger et \u00e0 ne les utiliser que pour les fins auxquelles ils ont \u00e9t\u00e9 recueillis.<\/p>\n","protected":false},"author":1,"featured_media":0,"parent":0,"menu_order":0,"comment_status":"closed","ping_status":"closed","template":"","meta":{"footnotes":""},"class_list":["post-577","page","type-page","status-publish","hentry"],"_links":{"self":[{"href":"https:\/\/phememarketing.com\/index.php\/wp-json\/wp\/v2\/pages\/577","targetHints":{"allow":["GET"]}}],"collection":[{"href":"https:\/\/phememarketing.com\/index.php\/wp-json\/wp\/v2\/pages"}],"about":[{"href":"https:\/\/phememarketing.com\/index.php\/wp-json\/wp\/v2\/types\/page"}],"author":[{"embeddable":true,"href":"https:\/\/phememarketing.com\/index.php\/wp-json\/wp\/v2\/users\/1"}],"replies":[{"embeddable":true,"href":"https:\/\/phememarketing.com\/index.php\/wp-json\/wp\/v2\/comments?post=577"}],"version-history":[{"count":22,"href":"https:\/\/phememarketing.com\/index.php\/wp-json\/wp\/v2\/pages\/577\/revisions"}],"predecessor-version":[{"id":783,"href":"https:\/\/phememarketing.com\/index.php\/wp-json\/wp\/v2\/pages\/577\/revisions\/783"}],"wp:attachment":[{"href":"https:\/\/phememarketing.com\/index.php\/wp-json\/wp\/v2\/media?parent=577"}],"curies":[{"name":"wp","href":"https:\/\/api.w.org\/{rel}","templated":true}]}}